{"id":92,"date":"2014-06-05T11:54:29","date_gmt":"2014-06-05T11:54:29","guid":{"rendered":"http:\/\/www.bytom.lu\/?page_id=92"},"modified":"2023-02-15T11:42:29","modified_gmt":"2023-02-15T11:42:29","slug":"about-us","status":"publish","type":"page","link":"https:\/\/www.bytom.lu\/about-us\/","title":{"rendered":"About us"},"content":{"rendered":"<p>[et_pb_section fb_built=&#8221;1&#8243; admin_label=&#8221;section&#8221; _builder_version=&#8221;4.16&#8243; global_colors_info=&#8221;{}&#8221;][et_pb_row admin_label=&#8221;row&#8221; _builder_version=&#8221;4.16&#8243; background_size=&#8221;initial&#8221; background_position=&#8221;top_left&#8221; background_repeat=&#8221;repeat&#8221; global_colors_info=&#8221;{}&#8221;][et_pb_column type=&#8221;4_4&#8243; _builder_version=&#8221;4.16&#8243; custom_padding=&#8221;|||&#8221; global_colors_info=&#8221;{}&#8221; custom_padding__hover=&#8221;|||&#8221;][et_pb_text admin_label=&#8221;Text&#8221; _builder_version=&#8221;4.16&#8243; background_size=&#8221;initial&#8221; background_position=&#8221;top_left&#8221; background_repeat=&#8221;repeat&#8221; global_colors_info=&#8221;{}&#8221;]<\/p>\n<p><strong>Les salons By Tom vous invitent \u00e0 venir d\u00e9couvrir ses espaces coiffeur et d\u00e9tente.<\/strong><\/p>\n<ul>\n<li>Des conseils personnalis\u00e9s sont r\u00e9alis\u00e9s par nos stylistes dipl\u00f4m\u00e9s pour chaque client.<\/li>\n<li>Coiffure et coloration sur mesure \u00e0 vos besoins.<\/li>\n<li>Pour nos chers Messieurs, le salon a mis un espace hommes \u00e0 votre disposition.<\/li>\n<li>Nos sp\u00e9cialistes proposent des forfaits sp\u00e9cial \u00ab\u00a0Mariage\u00a0\u00bb et coiffure de soir\u00e9e sans oublier le maquillage professionnel pour mettre en valeur le travail.<\/li>\n<\/ul>\n<p><em>Chez nous, vos r\u00eaves ne restent pas des r\u00eaves mais deviennent r\u00e9alit\u00e9.<\/em>\u00a0<\/p>\n<p style=\"text-align: center;\">\n<p style=\"text-align: center; padding-left: 60px;\">\n<p style=\"text-align: center;\">\n<p>[\/et_pb_text][\/et_pb_column][\/et_pb_row][et_pb_row _builder_version=&#8221;4.19.0&#8243; _module_preset=&#8221;default&#8221; column_structure=&#8221;1_2,1_2&#8243;][et_pb_column _builder_version=&#8221;4.19.0&#8243; _module_preset=&#8221;default&#8221; type=&#8221;1_2&#8243;][et_pb_image src=&#8221;https:\/\/www.bytom.lu\/wp-content\/uploads\/2023\/01\/323410031_640317651429937_8190128935761862081_n.jpg&#8221; _builder_version=&#8221;4.19.0&#8243; _module_preset=&#8221;default&#8221; title_text=&#8221;323410031_640317651429937_8190128935761862081_n&#8221; hover_enabled=&#8221;0&#8243; sticky_enabled=&#8221;0&#8243;][\/et_pb_image][\/et_pb_column][et_pb_column _builder_version=&#8221;4.19.0&#8243; _module_preset=&#8221;default&#8221; type=&#8221;1_2&#8243;][et_pb_image src=&#8221;https:\/\/www.bytom.lu\/wp-content\/uploads\/2023\/01\/323048497_626522972560165_481035143426280047_n.jpg&#8221; _builder_version=&#8221;4.19.0&#8243; _module_preset=&#8221;default&#8221; title_text=&#8221;323048497_626522972560165_481035143426280047_n&#8221; hover_enabled=&#8221;0&#8243; sticky_enabled=&#8221;0&#8243;][\/et_pb_image][\/et_pb_column][\/et_pb_row][et_pb_row _builder_version=&#8221;4.19.0&#8243; _module_preset=&#8221;default&#8221; column_structure=&#8221;1_2,1_2&#8243;][et_pb_column _builder_version=&#8221;4.19.0&#8243; _module_preset=&#8221;default&#8221; type=&#8221;1_2&#8243;][et_pb_image src=&#8221;https:\/\/www.bytom.lu\/wp-content\/uploads\/2015\/08\/bytom.png&#8221; _builder_version=&#8221;4.19.0&#8243; _module_preset=&#8221;default&#8221; title_text=&#8221;bytom&#8221; hover_enabled=&#8221;0&#8243; sticky_enabled=&#8221;0&#8243;][\/et_pb_image][\/et_pb_column][et_pb_column _builder_version=&#8221;4.19.0&#8243; _module_preset=&#8221;default&#8221; type=&#8221;1_2&#8243;][et_pb_text _builder_version=&#8221;4.19.0&#8243; _module_preset=&#8221;default&#8221; hover_enabled=&#8221;0&#8243; sticky_enabled=&#8221;0&#8243; custom_padding=&#8221;32px|||||&#8221;]<\/p>\n<p>Tom l&#8217;artisan du cheveu SARL<\/p>\n<p>Hair Concept SARL<\/p>\n<p>78 route principale L-7450<\/p>\n<p><a href=\"https:\/\/www.bytom.lu\/?page_id=11307\" target=\"_blank\" rel=\"noopener\">AGBs<\/a><\/p>\n<p>[\/et_pb_text][\/et_pb_column][\/et_pb_row][\/et_pb_section]<\/p>\n","protected":false},"excerpt":{"rendered":"<p>Les salons By Tom vous invitent \u00e0 venir d\u00e9couvrir ses espaces coiffeur et d\u00e9tente. Des conseils personnalis\u00e9s sont r\u00e9alis\u00e9s par nos stylistes dipl\u00f4m\u00e9s pour chaque client. Coiffure et coloration sur mesure \u00e0 vos besoins. Pour nos chers Messieurs, le salon a mis un espace hommes \u00e0 votre disposition. Nos sp\u00e9cialistes proposent des forfaits sp\u00e9cial \u00ab\u00a0Mariage\u00a0\u00bb [&hellip;]<\/p>\n","protected":false},"author":1,"featured_media":0,"parent":0,"menu_order":0,"comment_status":"closed","ping_status":"closed","template":"","meta":{"_et_pb_use_builder":"on","_et_pb_old_content":"<strong>Les salons By Tom vous invitent \u00e0 venir d\u00e9couvrir ses espaces coiffeur et d\u00e9tente.<\/strong>\r\n<ul>\r\n\t<li>Des conseils personnalis\u00e9s sont r\u00e9alis\u00e9s par nos stylistes dipl\u00f4m\u00e9s pour chaque client.<\/li>\r\n\t<li>Coiffure et coloration sur mesure \u00e0 vos besoins.<\/li>\r\n\t<li>Pour nos chers Messieurs, le salon a mis un espace hommes \u00e0 votre disposition.<\/li>\r\n\t<li>Nos sp\u00e9cialistes proposent des forfaits sp\u00e9cial \u00ab\u00a0Mariage\u00a0\u00bb et coiffure de soir\u00e9e sans oublier le maquillage professionnel pour mettre en valeur le travail.<\/li>\r\n<\/ul>\r\n<em>Chez nous, vos r\u00eaves ne restent pas des r\u00eaves mais deviennent r\u00e9alit\u00e9.<\/em>\r\n\r\n&nbsp;\r\n<p style=\"text-align: center;\"><a href=\"http:\/\/www.bytom.lu\/wp-content\/uploads\/2014\/06\/10257806_10152403018997241_1658901803538435231_n.jpg\"><img class=\"wp-image-93 aligncenter\" src=\"http:\/\/www.bytom.lu\/wp-content\/uploads\/2014\/06\/10257806_10152403018997241_1658901803538435231_n.jpg\" alt=\"10257806_10152403018997241_1658901803538435231_n\" width=\"419\" height=\"236\" \/><\/a> <em>\u00e9quipe Lintgen<\/em><\/p>\r\n<p style=\"text-align: center; padding-left: 60px;\">\u00a0 <a href=\"http:\/\/www.bytom.lu\/wp-content\/uploads\/2014\/06\/teamma.jpg\"><img class=\"aligncenter wp-image-149\" src=\"http:\/\/www.bytom.lu\/wp-content\/uploads\/2014\/06\/teamma.jpg\" alt=\"teamma\" width=\"358\" height=\"377\" \/><\/a><em>\u00e9quipe Wemperhardt<\/em><\/p>\r\n&nbsp;\r\n<p style=\"text-align: center;\"><\/p>","_et_gb_content_width":"","footnotes":""},"class_list":["post-92","page","type-page","status-publish","hentry"],"_links":{"self":[{"href":"https:\/\/www.bytom.lu\/wp-json\/wp\/v2\/pages\/92","targetHints":{"allow":["GET"]}}],"collection":[{"href":"https:\/\/www.bytom.lu\/wp-json\/wp\/v2\/pages"}],"about":[{"href":"https:\/\/www.bytom.lu\/wp-json\/wp\/v2\/types\/page"}],"author":[{"embeddable":true,"href":"https:\/\/www.bytom.lu\/wp-json\/wp\/v2\/users\/1"}],"replies":[{"embeddable":true,"href":"https:\/\/www.bytom.lu\/wp-json\/wp\/v2\/comments?post=92"}],"version-history":[{"count":9,"href":"https:\/\/www.bytom.lu\/wp-json\/wp\/v2\/pages\/92\/revisions"}],"predecessor-version":[{"id":11312,"href":"https:\/\/www.bytom.lu\/wp-json\/wp\/v2\/pages\/92\/revisions\/11312"}],"wp:attachment":[{"href":"https:\/\/www.bytom.lu\/wp-json\/wp\/v2\/media?parent=92"}],"curies":[{"name":"wp","href":"https:\/\/api.w.org\/{rel}","templated":true}]}}