{"id":173,"date":"2014-06-17T08:18:07","date_gmt":"2014-06-17T08:18:07","guid":{"rendered":"http:\/\/www.bytom.lu\/?page_id=173"},"modified":"2020-02-24T15:44:48","modified_gmt":"2020-02-24T15:44:48","slug":"produits","status":"publish","type":"page","link":"https:\/\/www.bytom.lu\/produits\/","title":{"rendered":"Produits"},"content":{"rendered":"<p><strong>Les produits:<\/strong><\/p>\n<ul>\n<li><strong>Maria Nila<\/strong><\/li>\n<\/ul>\n<div class=\"same-content content-text static-about-2\"><label>100% vegan haircare produced in Sweden<\/label>We are not the usual haircare brand. Our 100% vegan and cruelty free products are developed out of love for animals, as they should not be part of haircare products. By providing high quality vegan beauty, we make it easy for everyone to take a step towards a sustainable and friendlier world.By choosing Maria Nila, you choose cruelty free, climate friendly and colour protecting haircare produced in Sweden. Our chemists develop our products with carefully chosen ingredients that make a difference for clients, salons, animals and the environment. We have our own product development, production, \ufb01lling and warehouse in our factory in Helsingborg, Sweden, and from here we ship all over the world.<\/p>\n<p>Our safety and quality checks in every step of the production chain assure that our products have the highest possible quality, in every single unit. By driving and controlling the entire process from concept to product, we are able to guarantee healthy working conditions and high quality formulas. (source: marianila.com)<\/p>\n<p><img loading=\"lazy\" decoding=\"async\" class=\"alignnone wp-image-11029\" src=\"http:\/\/www.bytom.lu\/wp-content\/uploads\/2020\/02\/nila.jpg\" alt=\"\" width=\"290\" height=\"412\" srcset=\"https:\/\/www.bytom.lu\/wp-content\/uploads\/2020\/02\/nila.jpg 966w, https:\/\/www.bytom.lu\/wp-content\/uploads\/2020\/02\/nila-211x300.jpg 211w, https:\/\/www.bytom.lu\/wp-content\/uploads\/2020\/02\/nila-722x1024.jpg 722w, https:\/\/www.bytom.lu\/wp-content\/uploads\/2020\/02\/nila-768x1090.jpg 768w\" sizes=\"(max-width: 290px) 100vw, 290px\" \/><\/p>\n<\/div>\n<ul>\n<li>\n<h5 style=\"text-align: justify;\"><em><strong>kevin.murphy:\u00a0 SKINCARE FOR YOUR HAIR<\/strong><\/em><\/h5>\n<\/li>\n<\/ul>\n<p style=\"text-align: justify;\">Born from the same philosophy as skincare, KEVIN.MURPHY products are weightlessly designed to deliver performance, strength and longevity.<\/p>\n<p style=\"text-align: justify;\">When searching the world for our ingredients, KEVIN.MURPHY looked for companies that use micro cultivation, organic growing practices, or ecologically sound wild harvesting techniques to ensure the KEVIN.MURPHY range is of the very highest natural quality.<\/p>\n<p><img loading=\"lazy\" decoding=\"async\" class=\"alignnone size-medium wp-image-209\" src=\"http:\/\/www.bytom.lu\/wp-content\/uploads\/2014\/07\/12-300x113.jpg\" alt=\"12\" width=\"300\" height=\"113\" srcset=\"https:\/\/www.bytom.lu\/wp-content\/uploads\/2014\/07\/12-300x113.jpg 300w, https:\/\/www.bytom.lu\/wp-content\/uploads\/2014\/07\/12-460x174.jpg 460w, https:\/\/www.bytom.lu\/wp-content\/uploads\/2014\/07\/12-688x261.jpg 688w, https:\/\/www.bytom.lu\/wp-content\/uploads\/2014\/07\/12.jpg 790w\" sizes=\"(max-width: 300px) 100vw, 300px\" \/><\/p>\n<p><img loading=\"lazy\" decoding=\"async\" class=\"alignnone size-medium wp-image-202\" src=\"http:\/\/www.bytom.lu\/wp-content\/uploads\/2014\/07\/KM-300x288.jpg\" alt=\"KM\" width=\"300\" height=\"288\" srcset=\"https:\/\/www.bytom.lu\/wp-content\/uploads\/2014\/07\/KM-300x288.jpg 300w, https:\/\/www.bytom.lu\/wp-content\/uploads\/2014\/07\/KM-361x348.jpg 361w, https:\/\/www.bytom.lu\/wp-content\/uploads\/2014\/07\/KM.jpg 400w\" sizes=\"(max-width: 300px) 100vw, 300px\" \/><\/p>\n<ul>\n<li>\n<h5 style=\"text-align: justify;\"><em><strong>NIOXIN:\u00a0 <\/strong><\/em><\/h5>\n<\/li>\n<\/ul>\n<p style=\"text-align: justify;\">NIOXIN utilise des technologies avanc\u00e9es pour permettre d&#8217;obtenir une chevelure plus \u00e9paisse, plus dense et avec plus de volume. Notre engagement \u00e0 innover, soutenu par la recherche, nous permet d&#8217;aider plus de 50 % de personnes dans le monde qui sont touch\u00e9s par une chevelure clairsem\u00e9e.<\/p>\n<p><img loading=\"lazy\" decoding=\"async\" class=\"alignnone wp-image-212 size-medium\" src=\"http:\/\/www.bytom.lu\/wp-content\/uploads\/2014\/07\/banner_nioxin-300x133.jpg\" alt=\"banner_nioxin\" width=\"300\" height=\"133\" srcset=\"https:\/\/www.bytom.lu\/wp-content\/uploads\/2014\/07\/banner_nioxin-300x133.jpg 300w, https:\/\/www.bytom.lu\/wp-content\/uploads\/2014\/07\/banner_nioxin-460x204.jpg 460w, https:\/\/www.bytom.lu\/wp-content\/uploads\/2014\/07\/banner_nioxin-688x306.jpg 688w, https:\/\/www.bytom.lu\/wp-content\/uploads\/2014\/07\/banner_nioxin.jpg 980w\" sizes=\"(max-width: 300px) 100vw, 300px\" \/><br \/>\n<img loading=\"lazy\" decoding=\"async\" class=\"alignnone size-medium wp-image-203\" src=\"http:\/\/www.bytom.lu\/wp-content\/uploads\/2014\/07\/Nioxin-banner-300x154.jpg\" alt=\"Nioxin-banner\" width=\"300\" height=\"154\" srcset=\"https:\/\/www.bytom.lu\/wp-content\/uploads\/2014\/07\/Nioxin-banner-300x154.jpg 300w, https:\/\/www.bytom.lu\/wp-content\/uploads\/2014\/07\/Nioxin-banner-460x236.jpg 460w, https:\/\/www.bytom.lu\/wp-content\/uploads\/2014\/07\/Nioxin-banner.jpg 461w\" sizes=\"(max-width: 300px) 100vw, 300px\" \/><\/p>\n<ul>\n<li>\n<h5><em><strong>Schwarzkopf Professional<\/strong><\/em> :<\/h5>\n<\/li>\n<\/ul>\n<p>la soci\u00e9t\u00e9 d\u00e9fend les valeurs de confiance et de r\u00e9ussite. Ils sont des professionnels\u00a0 passionn\u00e9s qui ont un r\u00eave, une vision et qui d\u00e9sirent les r\u00e9aliser. Le partenariat professionnel est la philosophie et fait la diff\u00e9rence. Il se lie \u00e9troitement au partenaire coiffeur pour une relation mutuellement profitable.<\/p>\n<p><img loading=\"lazy\" decoding=\"async\" class=\"alignnone size-medium wp-image-207\" src=\"http:\/\/www.bytom.lu\/wp-content\/uploads\/2014\/07\/schwarz1-300x166.jpg\" alt=\"schwarz1\" width=\"300\" height=\"166\" srcset=\"https:\/\/www.bytom.lu\/wp-content\/uploads\/2014\/07\/schwarz1-300x166.jpg 300w, https:\/\/www.bytom.lu\/wp-content\/uploads\/2014\/07\/schwarz1-460x255.jpg 460w, https:\/\/www.bytom.lu\/wp-content\/uploads\/2014\/07\/schwarz1.jpg 540w\" sizes=\"(max-width: 300px) 100vw, 300px\" \/><\/p>\n<ul>\n<li>\n<h5><em><strong>HAIRDREAMS:<\/strong><\/em><\/h5>\n<\/li>\n<\/ul>\n<p style=\"text-align: justify;\">L\u2019Art de l\u2019Extension<\/p>\n<p style=\"text-align: justify;\">De magnifiques cheveux longs, un apport de volume naturel et tr\u00e8s discret et des coupes modes tr\u00e8s tendance gr\u00e2ce aux m\u00e8ches fantaisies.. Tout est possible gr\u00e2ce aux extensions de cheveux 100% naturels d\u2019une qualit\u00e9 exceptionnelle et gr\u00e2ce aux diff\u00e9rents syst\u00e8mes professionnels de pose Hairdreams.<\/p>\n<p style=\"text-align: justify;\">Laissez-vous s\u00e9duire par les nombreuses possibilit\u00e9s de cr\u00e9ation offerte par l\u2019extension et entrez dans l\u2019univers Hairdreams\u2026<\/p>\n<p><img loading=\"lazy\" decoding=\"async\" class=\"alignnone size-medium wp-image-214\" src=\"http:\/\/www.bytom.lu\/wp-content\/uploads\/2014\/07\/hairdreams.ashx_-300x98.jpg\" alt=\"hairdreams.ashx\" width=\"300\" height=\"98\" srcset=\"https:\/\/www.bytom.lu\/wp-content\/uploads\/2014\/07\/hairdreams.ashx_-300x98.jpg 300w, https:\/\/www.bytom.lu\/wp-content\/uploads\/2014\/07\/hairdreams.ashx_-460x151.jpg 460w, https:\/\/www.bytom.lu\/wp-content\/uploads\/2014\/07\/hairdreams.ashx_-688x226.jpg 688w, https:\/\/www.bytom.lu\/wp-content\/uploads\/2014\/07\/hairdreams.ashx_.jpg 970w\" sizes=\"(max-width: 300px) 100vw, 300px\" \/><\/p>\n<ul>\n<li>\n<h5><em><strong>ART DECO:<\/strong><\/em><\/h5>\n<\/li>\n<\/ul>\n<div class=\"csc-header csc-header-n1\">\n<p class=\"bodytext\" style=\"text-align: justify;\"><strong><em>LA VISION DE ARTDECO &#8211; ARTDECO est plus qu\u2019une marque de cosm\u00e9tique \u2013 ARTDECO combine plusieurs collections dans un concept global et de ce fait, est unique sur le march\u00e9.\u00a0<\/em><\/strong><\/p>\n<p style=\"text-align: justify;\">Le \u201cLifestyle\u201d signifie: offrir un concept correspondant \u00e0 votre look. L\u2019exp\u00e9rience cosm\u00e9tique d\u2019ARTDECO d\u00e9coule dans la nouvelle collection optique couture et combine le savoir-faire optique \u00e0 la tendance mode.<\/p>\n<p style=\"text-align: justify;\">Les designers ARTDECO vont chercher les derni\u00e8res tendances dans les d\u00e9fil\u00e9s mode et les salons les plus importants. Les montures optiques tendances et les lunettes de soleil modes sont cr\u00e9es \u00e0 partir de leurs id\u00e9es et de l&#8217;inspiration \u00e0 chaque saison.<\/p>\n<\/div>\n<p><a href=\"http:\/\/www.bytom.lu\/wp-content\/uploads\/2014\/07\/2013-03-19-DK-Make-Up-Innovations.jpg\"><img loading=\"lazy\" decoding=\"async\" class=\"alignnone size-medium wp-image-210\" src=\"http:\/\/www.bytom.lu\/wp-content\/uploads\/2014\/07\/2013-03-19-DK-Make-Up-Innovations-300x172.jpg\" alt=\"2013-03-19-DK-Make-Up-Innovations\" width=\"300\" height=\"172\" srcset=\"https:\/\/www.bytom.lu\/wp-content\/uploads\/2014\/07\/2013-03-19-DK-Make-Up-Innovations-300x172.jpg 300w, https:\/\/www.bytom.lu\/wp-content\/uploads\/2014\/07\/2013-03-19-DK-Make-Up-Innovations-1024x589.jpg 1024w, https:\/\/www.bytom.lu\/wp-content\/uploads\/2014\/07\/2013-03-19-DK-Make-Up-Innovations-460x264.jpg 460w, https:\/\/www.bytom.lu\/wp-content\/uploads\/2014\/07\/2013-03-19-DK-Make-Up-Innovations-688x395.jpg 688w, https:\/\/www.bytom.lu\/wp-content\/uploads\/2014\/07\/2013-03-19-DK-Make-Up-Innovations.jpg 1748w\" sizes=\"(max-width: 300px) 100vw, 300px\" \/><\/a><\/p>\n<ul>\n<li>\n<h5><em><strong>PRORASO:<\/strong><\/em><\/h5>\n<\/li>\n<\/ul>\n<p style=\"text-align: justify;\">Proraso, la marque icone du rasage italien, cr\u00e9e en 1905 pr\u00e8s de Florence par Mr Martelli!<br \/>\nElle est pr\u00e9sente autour du monde, c&#8217;est une des marques favorites des barbiers, elle est tr\u00e8s typ\u00e9e autour de 2 parfums, l&#8217;eucalyptus\/menthol, et le th\u00e9 vert, m\u00eame si s&#8217;annonce aujourd&#8217;hui le santal.<\/p>\n<p><img loading=\"lazy\" decoding=\"async\" class=\"alignnone size-medium wp-image-206\" src=\"http:\/\/www.bytom.lu\/wp-content\/uploads\/2014\/07\/proraso-category-banner-300x211.jpg\" alt=\"proraso-category-banner\" width=\"300\" height=\"211\" srcset=\"https:\/\/www.bytom.lu\/wp-content\/uploads\/2014\/07\/proraso-category-banner-300x211.jpg 300w, https:\/\/www.bytom.lu\/wp-content\/uploads\/2014\/07\/proraso-category-banner-460x323.jpg 460w, https:\/\/www.bytom.lu\/wp-content\/uploads\/2014\/07\/proraso-category-banner-688x484.jpg 688w, https:\/\/www.bytom.lu\/wp-content\/uploads\/2014\/07\/proraso-category-banner.jpg 760w\" sizes=\"(max-width: 300px) 100vw, 300px\" \/><\/p>\n<p><img loading=\"lazy\" decoding=\"async\" class=\"alignnone  wp-image-204\" src=\"http:\/\/www.bytom.lu\/wp-content\/uploads\/2014\/07\/proraso.jpg\" alt=\"proraso\" width=\"296\" height=\"296\" srcset=\"https:\/\/www.bytom.lu\/wp-content\/uploads\/2014\/07\/proraso.jpg 260w, https:\/\/www.bytom.lu\/wp-content\/uploads\/2014\/07\/proraso-150x150.jpg 150w, https:\/\/www.bytom.lu\/wp-content\/uploads\/2014\/07\/proraso-200x200.jpg 200w\" sizes=\"(max-width: 296px) 100vw, 296px\" \/><\/p>\n","protected":false},"excerpt":{"rendered":"<p>Les produits: Maria Nila 100% vegan haircare produced in SwedenWe are not the usual haircare brand. Our 100% vegan and cruelty free products are developed out of love for animals, as they should not be part of haircare products. By providing high quality vegan beauty, we make it easy for everyone to take a step [&hellip;]<\/p>\n","protected":false},"author":1,"featured_media":0,"parent":0,"menu_order":0,"comment_status":"closed","ping_status":"open","template":"","meta":{"_et_pb_use_builder":"","_et_pb_old_content":"","_et_gb_content_width":"","footnotes":""},"class_list":["post-173","page","type-page","status-publish","hentry"],"_links":{"self":[{"href":"https:\/\/www.bytom.lu\/wp-json\/wp\/v2\/pages\/173","targetHints":{"allow":["GET"]}}],"collection":[{"href":"https:\/\/www.bytom.lu\/wp-json\/wp\/v2\/pages"}],"about":[{"href":"https:\/\/www.bytom.lu\/wp-json\/wp\/v2\/types\/page"}],"author":[{"embeddable":true,"href":"https:\/\/www.bytom.lu\/wp-json\/wp\/v2\/users\/1"}],"replies":[{"embeddable":true,"href":"https:\/\/www.bytom.lu\/wp-json\/wp\/v2\/comments?post=173"}],"version-history":[{"count":15,"href":"https:\/\/www.bytom.lu\/wp-json\/wp\/v2\/pages\/173\/revisions"}],"predecessor-version":[{"id":11033,"href":"https:\/\/www.bytom.lu\/wp-json\/wp\/v2\/pages\/173\/revisions\/11033"}],"wp:attachment":[{"href":"https:\/\/www.bytom.lu\/wp-json\/wp\/v2\/media?parent=173"}],"curies":[{"name":"wp","href":"https:\/\/api.w.org\/{rel}","templated":true}]}}