{"id":135,"date":"2014-06-05T14:39:18","date_gmt":"2014-06-05T14:39:18","guid":{"rendered":"http:\/\/www.bytom.lu\/?page_id=135"},"modified":"2019-05-27T11:51:41","modified_gmt":"2019-05-27T11:51:41","slug":"beautyinside","status":"publish","type":"page","link":"https:\/\/www.bytom.lu\/beautyinside\/","title":{"rendered":"#beautyinside"},"content":{"rendered":"<p>[et_pb_section][et_pb_row][et_pb_column type=&#8221;4_4&#8243;][et_pb_text admin_label=&#8221;Text&#8221;]<\/p>\n<h5><em><strong><a href=\"http:\/\/www.beautyinside.lu\"><img loading=\"lazy\" decoding=\"async\" class=\"aligncenter wp-image-10377\" src=\"http:\/\/www.bytom.lu\/wp-content\/uploads\/2015\/08\/bi_black1-1024x898.png\" alt=\"\" width=\"435\" height=\"382\" srcset=\"https:\/\/www.bytom.lu\/wp-content\/uploads\/2015\/08\/bi_black1-1024x898.png 1024w, https:\/\/www.bytom.lu\/wp-content\/uploads\/2015\/08\/bi_black1-300x263.png 300w, https:\/\/www.bytom.lu\/wp-content\/uploads\/2015\/08\/bi_black1-1080x947.png 1080w\" sizes=\"(max-width: 435px) 100vw, 435px\" \/><\/a><\/strong><\/em><\/h5>\n<p style=\"text-align: center;\">\u00a0<strong>life, well-beeing, health, beauty<\/strong><\/p>\n<p style=\"text-align: center;\">la beaut\u00e9 ext\u00e9rieure se traduit d\u2019abord par un bien-\u00eatre int\u00e9rieur<\/p>\n<p style=\"text-align: center;\">chaque jour, la vie active au sein de la soci\u00e9t\u00e9 entra\u00eene perp\u00e9tuellement<\/p>\n<p style=\"text-align: center;\">stress, fatigue, anxi\u00e9t\u00e9, \u2026mais exige tout de m\u00eame beaut\u00e9, s\u00e9r\u00e9nit\u00e9 et bien-\u00eatre<\/p>\n<p style=\"text-align: center;\"><a href=\"http:\/\/www.beautyinside.lu\" target=\"_blank\" rel=\"noopener noreferrer\">www.beautyinside.lu<\/a><\/p>\n<p>[\/et_pb_text][et_pb_code admin_label=&#8221;Code&#8221;] <iframe loading=\"lazy\" src=\"https:\/\/my.matterport.com\/show\/?m=qzxeaN7bZdf\" width=\"1000\" height=\"600\" frameborder=\"0\" allowfullscreen=\"allowfullscreen\"><\/iframe> [\/et_pb_code][\/et_pb_column][\/et_pb_row][\/et_pb_section]<\/p>\n","protected":false},"excerpt":{"rendered":"<p><div class=\"et_pb_section et_pb_section_0 et_section_regular\" >\n\t\t\t\t\n\t\t\t\t\n\t\t\t\t\n\t\t\t\t\n\t\t\t\t\n\t\t\t\t\n\t\t\t\t\n\t\t\t\t\n\t\t\t\t\n\t\t\t<\/div><div class=\"et_pb_row et_pb_row_0 et_pb_row_empty\">\n\t\t\t\t\n\t\t\t\t\n\t\t\t\t\n\t\t\t\t\n\t\t\t\t\n\t\t\t<\/div> \u00a0life, well-beeing, health, beauty la beaut\u00e9 ext\u00e9rieure se traduit d\u2019abord par un bien-\u00eatre int\u00e9rieur chaque jour, la vie active au sein de la soci\u00e9t\u00e9 entra\u00eene perp\u00e9tuellement stress, fatigue, anxi\u00e9t\u00e9, \u2026mais exige tout de m\u00eame beaut\u00e9, s\u00e9r\u00e9nit\u00e9 et bien-\u00eatre www.beautyinside.lu<\/p>\n","protected":false},"author":1,"featured_media":0,"parent":0,"menu_order":0,"comment_status":"closed","ping_status":"closed","template":"","meta":{"_et_pb_use_builder":"on","_et_pb_old_content":"","_et_gb_content_width":"","footnotes":""},"class_list":["post-135","page","type-page","status-publish","hentry"],"_links":{"self":[{"href":"https:\/\/www.bytom.lu\/wp-json\/wp\/v2\/pages\/135","targetHints":{"allow":["GET"]}}],"collection":[{"href":"https:\/\/www.bytom.lu\/wp-json\/wp\/v2\/pages"}],"about":[{"href":"https:\/\/www.bytom.lu\/wp-json\/wp\/v2\/types\/page"}],"author":[{"embeddable":true,"href":"https:\/\/www.bytom.lu\/wp-json\/wp\/v2\/users\/1"}],"replies":[{"embeddable":true,"href":"https:\/\/www.bytom.lu\/wp-json\/wp\/v2\/comments?post=135"}],"version-history":[{"count":21,"href":"https:\/\/www.bytom.lu\/wp-json\/wp\/v2\/pages\/135\/revisions"}],"predecessor-version":[{"id":10992,"href":"https:\/\/www.bytom.lu\/wp-json\/wp\/v2\/pages\/135\/revisions\/10992"}],"wp:attachment":[{"href":"https:\/\/www.bytom.lu\/wp-json\/wp\/v2\/media?parent=135"}],"curies":[{"name":"wp","href":"https:\/\/api.w.org\/{rel}","templated":true}]}}