{"id":11190,"date":"2021-02-24T08:57:31","date_gmt":"2021-02-24T08:57:31","guid":{"rendered":"https:\/\/www.bytom.lu\/?page_id=11190"},"modified":"2021-02-24T08:57:31","modified_gmt":"2021-02-24T08:57:31","slug":"ybera-paris","status":"publish","type":"page","link":"https:\/\/www.bytom.lu\/ybera-paris\/","title":{"rendered":"Ybera Paris"},"content":{"rendered":"<p>[et_pb_section fb_built=&#8221;1&#8243; _builder_version=&#8221;3.22&#8243;][et_pb_row _builder_version=&#8221;3.25&#8243; background_size=&#8221;initial&#8221; background_position=&#8221;top_left&#8221; background_repeat=&#8221;repeat&#8221; custom_margin=&#8221;-17px|auto||auto||&#8221;][et_pb_column type=&#8221;4_4&#8243; _builder_version=&#8221;3.25&#8243; custom_padding=&#8221;|||&#8221; custom_padding__hover=&#8221;|||&#8221;][et_pb_image src=&#8221;https:\/\/www.bytom.lu\/wp-content\/uploads\/2021\/02\/logo-ybera.jpg&#8221; _builder_version=&#8221;4.9.0&#8243; _module_preset=&#8221;default&#8221; title_text=&#8221;logo-ybera&#8221; hover_enabled=&#8221;0&#8243; sticky_enabled=&#8221;0&#8243;][\/et_pb_image][\/et_pb_column][\/et_pb_row][et_pb_row _builder_version=&#8221;4.9.0&#8243; _module_preset=&#8221;default&#8221;][et_pb_column _builder_version=&#8221;4.9.0&#8243; _module_preset=&#8221;default&#8221; type=&#8221;4_4&#8243;][et_pb_text _builder_version=&#8221;4.9.0&#8243; _module_preset=&#8221;default&#8221; hover_enabled=&#8221;0&#8243; sticky_enabled=&#8221;0&#8243;]<\/p>\n<div data-elementor-type=\"wp-page\" data-elementor-id=\"14\" class=\"elementor elementor-14\" data-elementor-settings=\"[]\">\n<div class=\"elementor-inner\">\n<div class=\"elementor-section-wrap\">\n<section class=\"elementor-section elementor-top-section elementor-element elementor-element-613f2393 elementor-section-boxed elementor-section-height-default elementor-section-height-default\" data-id=\"613f2393\" data-element_type=\"section\">\n<div class=\"elementor-container elementor-column-gap-default\">\n<div class=\"elementor-row\">\n<div class=\"elementor-column elementor-col-100 elementor-top-column elementor-element elementor-element-5192f1dd\" data-id=\"5192f1dd\" data-element_type=\"column\">\n<div class=\"elementor-column-wrap elementor-element-populated\">\n<div class=\"elementor-widget-wrap\">\n<div class=\"elementor-element elementor-element-1f8dc807 elementor-widget elementor-widget-text-editor\" data-id=\"1f8dc807\" data-element_type=\"widget\" data-widget_type=\"text-editor.default\">\n<div class=\"elementor-widget-container\">\n<div class=\"elementor-text-editor elementor-clearfix\">\n<p style=\"text-align: center;\">La Marque <strong>Ybera<\/strong> a trouv\u00e9 sa source au Br\u00e9sil o\u00f9 la beaut\u00e9 est un vrai culte.<br \/> Fond\u00e9e en 2005, elle allie <strong>haute technologie, qualit\u00e9 et Beaut\u00e9 avec une forte touche d\u2019innovation pour la sant\u00e9 du cheveu<\/strong>.<\/p>\n<p style=\"text-align: center;\">Leader en innovations des produits capillaires pour les professionnels en Am\u00e9rique du sud gr\u00e2ce \u00e0 ses lissages et soins capillaires sans formol et \u00e0 base de composants naturels. <span style=\"font-size: xx-small;\"><em>source: ybera-groupe.com<\/em><\/span><\/p>\n<\/div>\n<\/div>\n<\/div>\n<\/div>\n<\/div>\n<\/div>\n<\/div>\n<\/div>\n<\/section>\n<\/div>\n<\/div>\n<\/div>\n<p>[\/et_pb_text][\/et_pb_column][\/et_pb_row][et_pb_row _builder_version=&#8221;4.9.0&#8243; _module_preset=&#8221;default&#8221;][et_pb_column _builder_version=&#8221;4.9.0&#8243; _module_preset=&#8221;default&#8221; type=&#8221;4_4&#8243;][et_pb_video src=&#8221;https:\/\/www.bytom.lu\/wp-content\/uploads\/2021\/02\/BYTOM.mp4&#8243; _builder_version=&#8221;4.9.0&#8243; _module_preset=&#8221;default&#8221; title_text=&#8221;BYTOM&#8221; hover_enabled=&#8221;0&#8243; sticky_enabled=&#8221;0&#8243; custom_padding=&#8221;0px|||||&#8221;][\/et_pb_video][\/et_pb_column][\/et_pb_row][\/et_pb_section]<\/p>\n","protected":false},"excerpt":{"rendered":"<p>La Marque Ybera a trouv\u00e9 sa source au Br\u00e9sil o\u00f9 la beaut\u00e9 est un vrai culte. Fond\u00e9e en 2005, elle allie haute technologie, qualit\u00e9 et Beaut\u00e9 avec une forte touche d\u2019innovation pour la sant\u00e9 du cheveu. Leader en innovations des produits capillaires pour les professionnels en Am\u00e9rique du sud gr\u00e2ce \u00e0 ses lissages et soins [&hellip;]<\/p>\n","protected":false},"author":1,"featured_media":0,"parent":0,"menu_order":0,"comment_status":"closed","ping_status":"closed","template":"","meta":{"_et_pb_use_builder":"on","_et_pb_old_content":"","_et_gb_content_width":"","footnotes":""},"class_list":["post-11190","page","type-page","status-publish","hentry"],"_links":{"self":[{"href":"https:\/\/www.bytom.lu\/wp-json\/wp\/v2\/pages\/11190","targetHints":{"allow":["GET"]}}],"collection":[{"href":"https:\/\/www.bytom.lu\/wp-json\/wp\/v2\/pages"}],"about":[{"href":"https:\/\/www.bytom.lu\/wp-json\/wp\/v2\/types\/page"}],"author":[{"embeddable":true,"href":"https:\/\/www.bytom.lu\/wp-json\/wp\/v2\/users\/1"}],"replies":[{"embeddable":true,"href":"https:\/\/www.bytom.lu\/wp-json\/wp\/v2\/comments?post=11190"}],"version-history":[{"count":5,"href":"https:\/\/www.bytom.lu\/wp-json\/wp\/v2\/pages\/11190\/revisions"}],"predecessor-version":[{"id":11199,"href":"https:\/\/www.bytom.lu\/wp-json\/wp\/v2\/pages\/11190\/revisions\/11199"}],"wp:attachment":[{"href":"https:\/\/www.bytom.lu\/wp-json\/wp\/v2\/media?parent=11190"}],"curies":[{"name":"wp","href":"https:\/\/api.w.org\/{rel}","templated":true}]}}