{"id":11146,"date":"2021-01-12T10:10:26","date_gmt":"2021-01-12T10:10:26","guid":{"rendered":"https:\/\/www.bytom.lu\/?page_id=11146"},"modified":"2022-08-10T11:25:12","modified_gmt":"2022-08-10T11:25:12","slug":"jobs-bytom","status":"publish","type":"page","link":"https:\/\/www.bytom.lu\/jobs-bytom\/","title":{"rendered":"Jobs @ byTom"},"content":{"rendered":"\r\n<figure class=\"wp-block-image size-large is-style-rounded\"><a href=\"https:\/\/www.bytom.lu\/wp-content\/uploads\/2021\/01\/95bb6b5cc34c49ae629edd814288ed7b-hairdressing-quotes-salon-ideas-hairdressing.jpg\"><img loading=\"lazy\" decoding=\"async\" width=\"640\" height=\"640\" class=\"wp-image-11147\" src=\"https:\/\/www.bytom.lu\/wp-content\/uploads\/2021\/01\/95bb6b5cc34c49ae629edd814288ed7b-hairdressing-quotes-salon-ideas-hairdressing.jpg\" alt=\"\" srcset=\"https:\/\/www.bytom.lu\/wp-content\/uploads\/2021\/01\/95bb6b5cc34c49ae629edd814288ed7b-hairdressing-quotes-salon-ideas-hairdressing.jpg 640w, https:\/\/www.bytom.lu\/wp-content\/uploads\/2021\/01\/95bb6b5cc34c49ae629edd814288ed7b-hairdressing-quotes-salon-ideas-hairdressing-300x300.jpg 300w, https:\/\/www.bytom.lu\/wp-content\/uploads\/2021\/01\/95bb6b5cc34c49ae629edd814288ed7b-hairdressing-quotes-salon-ideas-hairdressing-150x150.jpg 150w\" sizes=\"(max-width: 640px) 100vw, 640px\" \/><\/a><\/figure>\r\n\r\n\r\n\r\n<p>Envie de rejoindre un groupement dynamique ?<\/p>\r\n\r\n\r\n\r\n<p><strong>Nous recrutons pour notre salon \u00e0 Wemperhardt<\/strong><\/p>\r\n<p>stylistes exp\u00e9riment\u00e9s (m\/f)\u00a0 \/\u00a0 mehrere erfahrene Friseure (m\/w)<\/p>\r\n\r\n\r\n\r\n<div class=\"\" dir=\"auto\">\r\n<div id=\"jsc_c_l3\" class=\"ecm0bbzt hv4rvrfc ihqw7lf3 dati1w0a\" data-ad-comet-preview=\"message\" data-ad-preview=\"message\">\r\n<div class=\"j83agx80 cbu4d94t ew0dbk1b irj2b8pg\">\r\n<div class=\"qzhwtbm6 knvmm38d\">\r\n<div class=\"cxmmr5t8 oygrvhab hcukyx3x c1et5uql o9v6fnle ii04i59q\">\r\n<div dir=\"auto\">+ Ihr sucht eine neue Herausforderung?<\/div>\r\n<div dir=\"auto\">+ Ihr m\u00f6gt Mode und Innovation?<\/div>\r\n<div dir=\"auto\">+ Ihr m\u00f6gt Weiterbildung?<\/div>\r\n<div dir=\"auto\">+ Ihr seit Teamf\u00e4hig motiviert und freundlich?\u00a0 DANN IST JETZT DER RICHTIGE MOMENT!<\/div>\r\n<\/div>\r\n<div class=\"cxmmr5t8 oygrvhab hcukyx3x c1et5uql o9v6fnle ii04i59q\">\r\n<div dir=\"auto\">\u00a0<\/div>\r\n<div dir=\"auto\">WIR BIETEN:<\/div>\r\n<\/div>\r\n<div class=\"cxmmr5t8 oygrvhab hcukyx3x c1et5uql o9v6fnle ii04i59q\">\r\n<div dir=\"auto\">* Eine 4 TAGE WOCHE<\/div>\r\n<div dir=\"auto\">* \u00fcberdurchschnittliches Gehalt<\/div>\r\n<div dir=\"auto\">* ein sehr attraktives Pr\u00e4miensystem<\/div>\r\n<div dir=\"auto\">* Weiterbildung w\u00e4hrend der Arbeitszeit<\/div>\r\n<div dir=\"auto\">* Die Sicherheit eines Luxemburger Marktf\u00fchrers<\/div>\r\n<div dir=\"auto\">* Vertragsbeginn nach Vereinbarung<\/div>\r\n<div dir=\"auto\">\u00a0<\/div>\r\n<\/div>\r\n<div class=\"cxmmr5t8 oygrvhab hcukyx3x c1et5uql o9v6fnle ii04i59q\">\r\n<div dir=\"auto\">Wir freuen uns jetzt schon auf Eure Bewerbungen per Mail an : info@bytom.lu<\/div>\r\n<\/div>\r\n<div class=\"cxmmr5t8 oygrvhab hcukyx3x c1et5uql o9v6fnle ii04i59q\">\r\n<div dir=\"auto\">Startet mit uns gemeinsam durch und habt Erfolg<\/div>\r\n<\/div>\r\n<\/div>\r\n<\/div>\r\n<\/div>\r\n<\/div>\r\n\r\n\r\n\r\n<p>Envoyez votre cv @ info@bytom.lu<\/p>\r\n\r\n\r\n\r\n<p>Vous \u00eates \u00e0 la recherche d\u2019un emploi comme coiffeur\/se, responsable du salon ou vous souhaitez effectuer un stage comme apprenti(e)?<br \/>Veuillez d\u00e9poser votre candidature @ info@bytom.lu<\/p>\r\n\r\n\r\n\r\n<p>Dans un m\u00e9tier tellement dynamique, nous vous invitons \u00e0 envoyer des <em>candidatures spontan\u00e9e<\/em>s aussi.<\/p>\r\n\r\n\r\n\r\n<p>Merci<\/p>\r\n","protected":false},"excerpt":{"rendered":"<p>Envie de rejoindre un groupement dynamique ? Nous recrutons pour notre salon \u00e0 Wemperhardt stylistes exp\u00e9riment\u00e9s (m\/f)\u00a0 \/\u00a0 mehrere erfahrene Friseure (m\/w) + Ihr sucht eine neue Herausforderung? + Ihr m\u00f6gt Mode und Innovation? + Ihr m\u00f6gt Weiterbildung? + Ihr seit Teamf\u00e4hig motiviert und freundlich?\u00a0 DANN IST JETZT DER RICHTIGE MOMENT! \u00a0 WIR BIETEN: * [&hellip;]<\/p>\n","protected":false},"author":1,"featured_media":0,"parent":0,"menu_order":0,"comment_status":"closed","ping_status":"closed","template":"","meta":{"_et_pb_use_builder":"","_et_pb_old_content":"","_et_gb_content_width":"","footnotes":""},"class_list":["post-11146","page","type-page","status-publish","hentry"],"_links":{"self":[{"href":"https:\/\/www.bytom.lu\/wp-json\/wp\/v2\/pages\/11146","targetHints":{"allow":["GET"]}}],"collection":[{"href":"https:\/\/www.bytom.lu\/wp-json\/wp\/v2\/pages"}],"about":[{"href":"https:\/\/www.bytom.lu\/wp-json\/wp\/v2\/types\/page"}],"author":[{"embeddable":true,"href":"https:\/\/www.bytom.lu\/wp-json\/wp\/v2\/users\/1"}],"replies":[{"embeddable":true,"href":"https:\/\/www.bytom.lu\/wp-json\/wp\/v2\/comments?post=11146"}],"version-history":[{"count":5,"href":"https:\/\/www.bytom.lu\/wp-json\/wp\/v2\/pages\/11146\/revisions"}],"predecessor-version":[{"id":11278,"href":"https:\/\/www.bytom.lu\/wp-json\/wp\/v2\/pages\/11146\/revisions\/11278"}],"wp:attachment":[{"href":"https:\/\/www.bytom.lu\/wp-json\/wp\/v2\/media?parent=11146"}],"curies":[{"name":"wp","href":"https:\/\/api.w.org\/{rel}","templated":true}]}}