{"id":10708,"date":"2017-02-10T11:13:45","date_gmt":"2017-02-10T11:13:45","guid":{"rendered":"http:\/\/www.bytom.lu\/?page_id=10708"},"modified":"2021-02-24T09:01:23","modified_gmt":"2021-02-24T09:01:23","slug":"extensions","status":"publish","type":"page","link":"https:\/\/www.bytom.lu\/extensions\/","title":{"rendered":"Extensions"},"content":{"rendered":"<p>[et_pb_section fb_built=&#8221;1&#8243; _builder_version=&#8221;3.22&#8243;][et_pb_row _builder_version=&#8221;3.25&#8243; background_size=&#8221;initial&#8221; background_position=&#8221;top_left&#8221; background_repeat=&#8221;repeat&#8221; column_structure=&#8221;1_2,1_2&#8243;][et_pb_column type=&#8221;1_2&#8243; _builder_version=&#8221;3.25&#8243; custom_padding=&#8221;|||&#8221; custom_padding__hover=&#8221;|||&#8221;][et_pb_text admin_label=&#8221;Text&#8221; _builder_version=&#8221;4.9.0&#8243; background_size=&#8221;initial&#8221; background_position=&#8221;top_left&#8221; background_repeat=&#8221;repeat&#8221; hover_enabled=&#8221;0&#8243; use_border_color=&#8221;off&#8221; border_color=&#8221;#ffffff&#8221; border_style=&#8221;solid&#8221; sticky_enabled=&#8221;0&#8243;]<\/p>\n<div class=\"et_pb_column et_pb_column_3_5 et_pb_column_0  et_pb_css_mix_blend_mode_passthrough\">\n<div class=\"et_pb_module et_pb_text et_pb_text_0  et_pb_text_align_left et_pb_bg_layout_light\">\n<div class=\"et_pb_text_inner\">\n<p>Lange, gepflegte und gesunde Haare sind seit jeher der Inbegriff von Weiblichkeit und Sch\u00f6nheit.<\/p>\n<p>Wir helfen Ihnen dabei Ihren Traum zu verwirklichen. Unser Team l\u00e4sst mit Naturhaaren der extra Klasse \u00a0nahezu jede Frisur zur Realit\u00e4t werden. Dabei setzten wir nur auf Haare der Spitzenklasse vom Marktleader Hairdreams, welche nach einer eingehenden individuellen Beratung und Analyse zur Erreichung ihrer Wunschfrisur angewendet werden.<\/p>\n<p>Jede Haarl\u00e4nge und Haardichte und beinahe jede Frisur sind dabei m\u00f6glich und ein nat\u00fcrliches Ergebnis und gesundes Haar bleiben kein Traum mehr. Unsere 20j\u00e4hrige Erfahrung sind Ihr Garant f\u00fcr eine perfekte und pers\u00f6nliche Dienstleistung.<\/p>\n<p>Wir stehen Ihnen gerne f\u00fcr eine pers\u00f6nliche Beratung in einem diskreten Rahmen zur Verf\u00fcgung.<\/p>\n<\/div>\n<\/div>\n<\/div>\n<p>[\/et_pb_text][\/et_pb_column][et_pb_column type=&#8221;1_2&#8243; _builder_version=&#8221;3.25&#8243; custom_padding=&#8221;|||&#8221; custom_padding__hover=&#8221;|||&#8221;][et_pb_image src=&#8221;http:\/\/www.bytom.lu\/wp-content\/uploads\/2015\/08\/5.jpg&#8221; align_tablet=&#8221;center&#8221; align_last_edited=&#8221;on|desktop&#8221; admin_label=&#8221;Image&#8221; _builder_version=&#8221;3.23&#8243; animation_style=&#8221;slide&#8221; animation_direction=&#8221;left&#8221; animation_duration=&#8221;500ms&#8221; animation_intensity_slide=&#8221;10%&#8221; use_border_color=&#8221;off&#8221; border_color=&#8221;#ffffff&#8221; border_style=&#8221;solid&#8221; animation=&#8221;left&#8221; sticky=&#8221;off&#8221; always_center_on_mobile=&#8221;on&#8221;][\/et_pb_image][et_pb_image _builder_version=&#8221;4.9.0&#8243; _module_preset=&#8221;default&#8221; title_text=&#8221;logos&#8221; src=&#8221;https:\/\/www.bytom.lu\/wp-content\/uploads\/2021\/02\/logos.png&#8221; hover_enabled=&#8221;0&#8243; sticky_enabled=&#8221;0&#8243;][\/et_pb_image][\/et_pb_column][\/et_pb_row][\/et_pb_section]<\/p>\n","protected":false},"excerpt":{"rendered":"<p>Lange, gepflegte und gesunde Haare sind seit jeher der Inbegriff von Weiblichkeit und Sch\u00f6nheit. Wir helfen Ihnen dabei Ihren Traum zu verwirklichen. Unser Team l\u00e4sst mit Naturhaaren der extra Klasse \u00a0nahezu jede Frisur zur Realit\u00e4t werden. Dabei setzten wir nur auf Haare der Spitzenklasse vom Marktleader Hairdreams, welche nach einer eingehenden individuellen Beratung und Analyse [&hellip;]<\/p>\n","protected":false},"author":1,"featured_media":0,"parent":0,"menu_order":0,"comment_status":"closed","ping_status":"closed","template":"","meta":{"_et_pb_use_builder":"on","_et_pb_old_content":"","_et_gb_content_width":"","footnotes":""},"class_list":["post-10708","page","type-page","status-publish","hentry"],"_links":{"self":[{"href":"https:\/\/www.bytom.lu\/wp-json\/wp\/v2\/pages\/10708","targetHints":{"allow":["GET"]}}],"collection":[{"href":"https:\/\/www.bytom.lu\/wp-json\/wp\/v2\/pages"}],"about":[{"href":"https:\/\/www.bytom.lu\/wp-json\/wp\/v2\/types\/page"}],"author":[{"embeddable":true,"href":"https:\/\/www.bytom.lu\/wp-json\/wp\/v2\/users\/1"}],"replies":[{"embeddable":true,"href":"https:\/\/www.bytom.lu\/wp-json\/wp\/v2\/comments?post=10708"}],"version-history":[{"count":2,"href":"https:\/\/www.bytom.lu\/wp-json\/wp\/v2\/pages\/10708\/revisions"}],"predecessor-version":[{"id":11202,"href":"https:\/\/www.bytom.lu\/wp-json\/wp\/v2\/pages\/10708\/revisions\/11202"}],"wp:attachment":[{"href":"https:\/\/www.bytom.lu\/wp-json\/wp\/v2\/media?parent=10708"}],"curies":[{"name":"wp","href":"https:\/\/api.w.org\/{rel}","templated":true}]}}