{"id":10543,"date":"2015-08-31T13:42:49","date_gmt":"2015-08-31T13:42:49","guid":{"rendered":"http:\/\/www.bytom.lu\/?page_id=10543"},"modified":"2015-08-31T13:48:22","modified_gmt":"2015-08-31T13:48:22","slug":"olaplex","status":"publish","type":"page","link":"https:\/\/www.bytom.lu\/olaplex\/","title":{"rendered":"#OLAPLEX"},"content":{"rendered":"<h2>Ein Wirkstoff, der alles ver\u00e4ndert!<\/h2>\n<p>&#8230;..Ein chemischer Wirkstoff, der als Bindungsverst\u00e4rker agiert und die Struktur des Haares dauerhaft sch\u00fctzt und st\u00e4rkt.<\/p>\n<p><strong>OLAPLEX\u00ae ist frei von Silikonen, Sulfaten, Phthalaten, DEA, Aldehyden und Gluten und wurde nie an Tieren getestet<\/strong>.<\/p>\n<p>Olaplex stellt gebrochene Schwefel-Disulfidbr\u00fccken im Haar wieder her. Diese werden w\u00e4hrend thermalen, mechanischen und chemischen Anwendungen besch\u00e4digt.<\/p>\n<p><a href=\"http:\/\/www.bytom.lu\/wp-content\/uploads\/2015\/05\/3-bottle-triangle-w-app.jpg\"><img loading=\"lazy\" decoding=\"async\" class=\"alignnone size-medium wp-image-438\" src=\"http:\/\/www.bytom.lu\/wp-content\/uploads\/2015\/05\/3-bottle-triangle-w-app-242x300.jpg\" alt=\"3-bottle-triangle-w-app\" width=\"242\" height=\"300\" srcset=\"https:\/\/www.bytom.lu\/wp-content\/uploads\/2015\/05\/3-bottle-triangle-w-app-242x300.jpg 242w, https:\/\/www.bytom.lu\/wp-content\/uploads\/2015\/05\/3-bottle-triangle-w-app-280x348.jpg 280w, https:\/\/www.bytom.lu\/wp-content\/uploads\/2015\/05\/3-bottle-triangle-w-app.jpg 451w\" sizes=\"(max-width: 242px) 100vw, 242px\" \/><\/a><\/p>\n","protected":false},"excerpt":{"rendered":"<p>#olaplex ist kein trend sondern eine revolution<\/p>\n","protected":false},"author":1,"featured_media":10544,"parent":0,"menu_order":0,"comment_status":"closed","ping_status":"closed","template":"","meta":{"_et_pb_use_builder":"","_et_pb_old_content":"","_et_gb_content_width":"","footnotes":""},"class_list":["post-10543","page","type-page","status-publish","has-post-thumbnail","hentry"],"_links":{"self":[{"href":"https:\/\/www.bytom.lu\/wp-json\/wp\/v2\/pages\/10543","targetHints":{"allow":["GET"]}}],"collection":[{"href":"https:\/\/www.bytom.lu\/wp-json\/wp\/v2\/pages"}],"about":[{"href":"https:\/\/www.bytom.lu\/wp-json\/wp\/v2\/types\/page"}],"author":[{"embeddable":true,"href":"https:\/\/www.bytom.lu\/wp-json\/wp\/v2\/users\/1"}],"replies":[{"embeddable":true,"href":"https:\/\/www.bytom.lu\/wp-json\/wp\/v2\/comments?post=10543"}],"version-history":[{"count":4,"href":"https:\/\/www.bytom.lu\/wp-json\/wp\/v2\/pages\/10543\/revisions"}],"predecessor-version":[{"id":10550,"href":"https:\/\/www.bytom.lu\/wp-json\/wp\/v2\/pages\/10543\/revisions\/10550"}],"wp:featuredmedia":[{"embeddable":true,"href":"https:\/\/www.bytom.lu\/wp-json\/wp\/v2\/media\/10544"}],"wp:attachment":[{"href":"https:\/\/www.bytom.lu\/wp-json\/wp\/v2\/media?parent=10543"}],"curies":[{"name":"wp","href":"https:\/\/api.w.org\/{rel}","templated":true}]}}