{"id":10345,"date":"2015-08-26T08:29:08","date_gmt":"2015-08-26T08:29:08","guid":{"rendered":"http:\/\/www.bytom.lu\/?page_id=10345"},"modified":"2018-10-26T07:38:00","modified_gmt":"2018-10-26T07:38:00","slug":"oldschoolbarbers-bytom","status":"publish","type":"page","link":"https:\/\/www.bytom.lu\/oldschoolbarbers-bytom\/","title":{"rendered":"#oldschoolbarbers"},"content":{"rendered":"<p>[et_pb_section][et_pb_row][et_pb_column type=&#8221;4_4&#8243;][et_pb_image admin_label=&#8221;Image&#8221; src=&#8221;http:\/\/www.bytom.lu\/wp-content\/uploads\/2015\/08\/logo_oldschool.png&#8221; show_in_lightbox=&#8221;off&#8221; url=&#8221;www.oldschoolbarbers.lu&#8221; url_new_window=&#8221;on&#8221; animation=&#8221;left&#8221; sticky=&#8221;off&#8221; align=&#8221;left&#8221; force_fullwidth=&#8221;off&#8221; always_center_on_mobile=&#8221;on&#8221; use_border_color=&#8221;off&#8221; border_color=&#8221;#ffffff&#8221; border_style=&#8221;solid&#8221; max_width=&#8221;500&#8243;] [\/et_pb_image][\/et_pb_column][\/et_pb_row][et_pb_row][et_pb_column type=&#8221;1_3&#8243;][et_pb_text admin_label=&#8221;Text&#8221; background_layout=&#8221;light&#8221; text_orientation=&#8221;left&#8221; use_border_color=&#8221;off&#8221; border_color=&#8221;#ffffff&#8221; border_style=&#8221;solid&#8221;]<\/p>\n<p style=\"text-align: center;\"><strong>Old School Barbers Massen<\/strong><\/p>\n<p style=\"text-align: center;\">Shopping Center Massen,<\/p>\n<p style=\"text-align: center;\">24 op der Hardt, L-9999 Wemperhardt<\/p>\n<p style=\"text-align: center;\">Tel.: +352 24 51 48 63<\/p>\n<p style=\"text-align: center;\">info@oldschoolbarbers.lu<\/p>\n<p>[\/et_pb_text][\/et_pb_column][et_pb_column type=&#8221;1_3&#8243;][et_pb_text admin_label=&#8221;Text&#8221; background_layout=&#8221;light&#8221; text_orientation=&#8221;left&#8221; use_border_color=&#8221;off&#8221; border_color=&#8221;#ffffff&#8221; border_style=&#8221;solid&#8221;]<\/p>\n<div class=\"et_pb_text et_pb_module et_pb_bg_layout_light et_pb_text_align_left et_pb_text_0\">\n<p style=\"text-align: center;\"><strong>Old School Barbers Dudelange<\/strong><\/p>\n<p style=\"text-align: center;\">L-3440 Dudelange<\/p>\n<p style=\"text-align: center;\">76, Avenue Grande-Duchesse Charlotte<\/p>\n<p style=\"text-align: center;\">T\u00e9l: +352 26378791<\/p>\n<p style=\"text-align: center;\">Mail: info@oldschoolbarbers.lu<\/p>\n<\/div>\n<p>[\/et_pb_text][\/et_pb_column][et_pb_column type=&#8221;1_3&#8243;][et_pb_text admin_label=&#8221;Text&#8221; background_layout=&#8221;light&#8221; text_orientation=&#8221;left&#8221; use_border_color=&#8221;off&#8221; border_color=&#8221;#ffffff&#8221; border_style=&#8221;solid&#8221;]<\/p>\n<div class=\"et_pb_text et_pb_module et_pb_bg_layout_light et_pb_text_align_left et_pb_text_0\">\n<p style=\"text-align: center;\"><strong>Old School Barbers Lintgen<\/strong><\/p>\n<p style=\"text-align: center;\">78 route principale<\/p>\n<p style=\"text-align: center;\">L-7450 Lintgen R\u00e9sidence Trierweiler<\/p>\n<p style=\"text-align: center;\">T\u00e9l: 26 37 88 41<\/p>\n<p style=\"text-align: center;\">Mail: info@oldschoolbarbers.lu<\/p>\n<\/div>\n<p>[\/et_pb_text][\/et_pb_column][\/et_pb_row][et_pb_row][et_pb_column type=&#8221;1_3&#8243;][et_pb_image admin_label=&#8221;Image&#8221; src=&#8221;http:\/\/www.bytom.lu\/wp-content\/uploads\/2017\/02\/12472398_520768988102274_1483389132296546264_n.jpg&#8221; show_in_lightbox=&#8221;off&#8221; url_new_window=&#8221;off&#8221; animation=&#8221;left&#8221; sticky=&#8221;off&#8221; align=&#8221;left&#8221; force_fullwidth=&#8221;off&#8221; always_center_on_mobile=&#8221;on&#8221; use_border_color=&#8221;off&#8221; border_color=&#8221;#ffffff&#8221; border_style=&#8221;solid&#8221;] [\/et_pb_image][\/et_pb_column][et_pb_column type=&#8221;1_3&#8243;][et_pb_image admin_label=&#8221;Image&#8221; src=&#8221;http:\/\/www.bytom.lu\/wp-content\/uploads\/2015\/08\/salon-dudelange.jpg&#8221; show_in_lightbox=&#8221;off&#8221; url_new_window=&#8221;off&#8221; animation=&#8221;left&#8221; sticky=&#8221;off&#8221; align=&#8221;left&#8221; force_fullwidth=&#8221;off&#8221; always_center_on_mobile=&#8221;on&#8221; use_border_color=&#8221;off&#8221; border_color=&#8221;#ffffff&#8221; border_style=&#8221;solid&#8221;] [\/et_pb_image][\/et_pb_column][et_pb_column type=&#8221;1_3&#8243;][et_pb_image admin_label=&#8221;Image&#8221; src=&#8221;http:\/\/www.bytom.lu\/wp-content\/uploads\/2015\/08\/OSB-Lintgen.jpg&#8221; show_in_lightbox=&#8221;off&#8221; url_new_window=&#8221;off&#8221; animation=&#8221;left&#8221; sticky=&#8221;off&#8221; align=&#8221;left&#8221; force_fullwidth=&#8221;off&#8221; always_center_on_mobile=&#8221;on&#8221; use_border_color=&#8221;off&#8221; border_color=&#8221;#ffffff&#8221; border_style=&#8221;solid&#8221;] [\/et_pb_image][\/et_pb_column][\/et_pb_row][\/et_pb_section]<\/p>\n","protected":false},"excerpt":{"rendered":"<p><div class=\"et_pb_section et_pb_section_0 et_section_regular\" >\n\t\t\t\t\n\t\t\t\t\n\t\t\t\t\n\t\t\t\t\n\t\t\t\t\n\t\t\t\t\n\t\t\t\t\n\t\t\t\t\n\t\t\t\t\n\t\t\t<\/div><div class=\"et_pb_row et_pb_row_0 et_pb_row_empty\">\n\t\t\t\t\n\t\t\t\t\n\t\t\t\t\n\t\t\t\t\n\t\t\t\t\n\t\t\t<\/div> <div class=\"et_pb_row et_pb_row_1 et_pb_row_empty\">\n\t\t\t\t\n\t\t\t\t\n\t\t\t\t\n\t\t\t\t\n\t\t\t\t\n\t\t\t<\/div> Old School Barbers Massen Shopping Center Massen, 24 op der Hardt, L-9999 Wemperhardt Tel.: +352 24 51 48 63 info@oldschoolbarbers.lu Old School Barbers Dudelange L-3440 Dudelange 76, Avenue Grande-Duchesse Charlotte T\u00e9l: +352 26378791 Mail: info@oldschoolbarbers.lu Old School Barbers Lintgen 78 route principale L-7450 Lintgen R\u00e9sidence Trierweiler T\u00e9l: 26 37 88 41 Mail: info@oldschoolbarbers.lu [&hellip;]<\/p>\n","protected":false},"author":1,"featured_media":0,"parent":0,"menu_order":0,"comment_status":"closed","ping_status":"closed","template":"","meta":{"_et_pb_use_builder":"on","_et_pb_old_content":"<h4>Old School Barbers byTom<\/h4><p>Shopping Center Massen, 24 op der Hardt, L-9999 Wemperhardt<\/p><p>www.bytom.lu\u00a0\u00a0 info@bytom.lu<\/p><p>Tel.: +352 24 51 48 63<\/p><p>\u00a0<\/p><p><a href=\"http:\/\/www.bytom.lu\/wp-content\/uploads\/2015\/08\/11960236_474023966110110_2323360481137586680_n.jpg\"><img class=\"alignnone size-thumbnail wp-image-10509\" src=\"http:\/\/www.bytom.lu\/wp-content\/uploads\/2015\/08\/11960236_474023966110110_2323360481137586680_n-150x150.jpg\" alt=\"11960236_474023966110110_2323360481137586680_n\" width=\"150\" height=\"150\" \/><\/a>\u00a0\u00a0 <a href=\"http:\/\/www.bytom.lu\/wp-content\/uploads\/2015\/08\/11.jpg\"><img class=\"alignnone size-thumbnail wp-image-10408\" src=\"http:\/\/www.bytom.lu\/wp-content\/uploads\/2015\/08\/11-150x150.jpg\" alt=\"1\" width=\"150\" height=\"150\" \/> \u00a0<\/a> <a href=\"http:\/\/www.bytom.lu\/wp-content\/uploads\/2015\/08\/logo_oldschool.png\"><img class=\"alignnone size-thumbnail wp-image-10365\" src=\"http:\/\/www.bytom.lu\/wp-content\/uploads\/2015\/08\/logo_oldschool-150x150.png\" alt=\"logo_oldschool\" width=\"150\" height=\"150\" \/><\/a><\/p><p>\u00a0<\/p><p>\u00a0<\/p>","_et_gb_content_width":"","footnotes":""},"class_list":["post-10345","page","type-page","status-publish","hentry"],"_links":{"self":[{"href":"https:\/\/www.bytom.lu\/wp-json\/wp\/v2\/pages\/10345","targetHints":{"allow":["GET"]}}],"collection":[{"href":"https:\/\/www.bytom.lu\/wp-json\/wp\/v2\/pages"}],"about":[{"href":"https:\/\/www.bytom.lu\/wp-json\/wp\/v2\/types\/page"}],"author":[{"embeddable":true,"href":"https:\/\/www.bytom.lu\/wp-json\/wp\/v2\/users\/1"}],"replies":[{"embeddable":true,"href":"https:\/\/www.bytom.lu\/wp-json\/wp\/v2\/comments?post=10345"}],"version-history":[{"count":15,"href":"https:\/\/www.bytom.lu\/wp-json\/wp\/v2\/pages\/10345\/revisions"}],"predecessor-version":[{"id":10909,"href":"https:\/\/www.bytom.lu\/wp-json\/wp\/v2\/pages\/10345\/revisions\/10909"}],"wp:attachment":[{"href":"https:\/\/www.bytom.lu\/wp-json\/wp\/v2\/media?parent=10345"}],"curies":[{"name":"wp","href":"https:\/\/api.w.org\/{rel}","templated":true}]}}